{"id":257,"date":"2025-02-21T12:43:28","date_gmt":"2025-02-21T11:43:28","guid":{"rendered":"https:\/\/paolocesarano.com\/?page_id=257"},"modified":"2025-02-21T12:43:29","modified_gmt":"2025-02-21T11:43:29","slug":"servizi-per-te-conunseling-individuale","status":"publish","type":"page","link":"https:\/\/paolocesarano.com\/?page_id=257","title":{"rendered":"Servizi per te &#8211; Conunseling Individuale"},"content":{"rendered":"\n<p class=\"has-text-align-center\">COUNSELING INDIVIDUALE<\/p>\n\n\n\n<p class=\"has-text-align-center\"><br>&#8220;Ognuno di noi ha risorse straordinarie dentro di s\u00e9: accompagno adulti e adolescenti a riscoprirle e valorizzarle, aumentando consapevolezza e fiducia in s\u00e9.&#8221;<\/p>\n\n\n\n<p><br>Sono un counselor professionista con formazione gestaltica, diplomato presso ASPIC (Associazione per lo Sviluppo Psicologico dell\u2019Individuo e della Comunit\u00e0). Il mio approccio pluralistico-integrato mi consente di creare percorsi personalizzati, modellati sulle esigenze di ogni cliente.<\/p>\n\n\n\n<p><br>Lavoro con adulti, adolescenti e giovani adulti, accompagnandoli alla scoperta delle proprie<br>risorse interiori e del loro potenziale, per poterle utilizzare con maggiore libert\u00e0 e consapevolezza. <\/p>\n\n\n\n<p>Continuo a formarmi attraverso seminari, convegni e gruppi di supervisione accreditati ASPIC e REICO, per garantire un supporto sempre aggiornato e professionale.<\/p>\n\n\n\n<p><br><strong>Cos\u2019\u00e8 il counseling?<\/strong><br>Il counseling \u00e8 una relazione di aiuto rivolta a chi sta affrontando momenti di difficolt\u00e0, conflitti o incertezze personali. Attraverso un ascolto attento, empatico e privo di giudizio, il counseling offre uno spazio sicuro in cui esprimersi liberamente e ritrovare chiarezza.<\/p>\n\n\n\n<p><br>Questo processo favorisce nuove consapevolezze, aiuta a individuare soluzioni concrete e sostiene il cliente nel suo percorso di crescita e realizzazione personale.<br>Con il counseling puoi:<br>\u2714 Rafforzare le tue capacit\u00e0 e la fiducia in te stesso<br>\u2714 Migliorare la qualit\u00e0 delle tue relazioni rendendole pi\u00f9 armoniose e soddisfacenti<br>\u2714 Affrontare il cambiamento con maggiore sicurezza<br>\u2714 Fare scelte pi\u00f9 consapevoli in linea con i tuoi bisogni e valori<\/p>\n\n\n\n<p><br><strong>Chi \u00e8 il counselor?<\/strong><br>Il counselor \u00e8 un professionista della relazione d\u2019aiuto, formato per supportarti nei momenti di confusione e cambiamento. Insieme a lui puoi:<\/p>\n\n\n\n<ul class=\"wp-block-list\">\n<li>Dissipare la nebbia che rende incerto il tuo percorso<\/li>\n\n\n\n<li>Scoprire e potenziare le risorse interiori che gi\u00e0 possiedi<\/li>\n\n\n\n<li>Trovare nuovi strumenti per affrontare le sfide della vita<\/li>\n<\/ul>\n\n\n\n<p><br><strong>Compito del counselor <\/strong>\u00e8 quello di assistere il cliente nella ricerca del suo vero s\u00e9 e poi di aiutarlo a trovare il coraggio di essere quel s\u00e9.<\/p>\n\n\n\n<p>Come dice Carl Rogers:<br><em>\u201cEsiste un curioso paradosso:\u00a0quando mi accetto cos\u00ec come sono, allora posso cambiare.\u201d<\/em><\/p>\n\n\n\n<p><strong>Grazie a una formazione mirata, il counselor sviluppa:<\/strong><\/p>\n\n\n\n<ul class=\"wp-block-list\">\n<li>Conoscenze, per comprendere le dinamiche umane<\/li>\n\n\n\n<li>Competenze, per creare un dialogo autentico e profondo<\/li>\n\n\n\n<li>Abilit\u00e0 pratiche, per favorire la crescita personale e il cambiamento<\/li>\n<\/ul>\n\n\n\n<p><strong>Un percorso individuale per diventare ci\u00f2 che sei<\/strong><br>Il colloquio individuale \u00e8 uno spazio sicuro dove puoi esprimerti liberamente, con la certezza di essere ascoltato senza giudizio e con assoluta riservatezza.<\/p>\n\n\n\n<p><strong>Il mio obiettivo \u00e8 offrirti un supporto emotivo <\/strong>per aiutarti a fare chiarezza dentro di te e<br>individuare la strada migliore per il tuo benessere.<br><\/p>\n\n\n\n<p><strong>Ti aiuto <\/strong>a dare voce alle tue emozioni e comprenderle meglio:<br><br>\u2705 Gestione dei conflitti famigliari<br>\u2705 Difficolt\u00e0 nella vita affettiva e sentimentale, accompagnamento durante una separazione o un divorzio<br>\u2705 Cambiamenti importanti e decisioni significative<br>\u2705 Gestione dei conflitti sul lavoro<br>\u2705 Blocco nella carriera lavorativa<br>\u2705 Crescita personale ed esplorazione di nuove possibilit\u00e0 esistenziali<\/p>\n\n\n\n<p class=\"has-text-align-center\"><br><em>\u201cQuando sei a terra, guardi verso l&#8217;alto con energia e speranza perch\u00e9 puoi solo salire. \u00c8<br>pi\u00f9 dura invece se ti senti gi\u00e0 arrivato in cima: guardando gi\u00f9 ti viene la paura di cadere.\u201d<br>(R.Bolle)<\/em><\/p>\n\n\n\n<p>Sperimenta il counseling!<br>Prenota una sessione online o in presenza.<\/p>\n\n\n\n<p><br><strong>Contattami <\/strong>tramite il form, il <strong>primo incontro \u00e8 gratuito<\/strong>!<\/p>\n\n\n\n<div class=\"wp-block-contact-form-7-contact-form-selector\">[contact-form-7 id=&#8221;c7addb1&#8243; title=&#8221;Form Di Contatto&#8221;]<\/div>\n","protected":false},"excerpt":{"rendered":"<p>COUNSELING INDIVIDUALE &#8220;Ognuno di noi ha risorse straordinarie dentro di s\u00e9: accompagno adulti e adolescenti a riscoprirle e valorizzarle, aumentando consapevolezza e fiducia in s\u00e9.&#8221; Sono un counselor professionista con formazione gestaltica, diplomato presso ASPIC (Associazione per lo Sviluppo Psicologico dell\u2019Individuo e della Comunit\u00e0). Il mio approccio pluralistico-integrato mi consente di creare percorsi personalizzati, modellati &hellip; <\/p>\n<p class=\"link-more\"><a href=\"https:\/\/paolocesarano.com\/?page_id=257\" class=\"more-link\">Continue reading<span class=\"screen-reader-text\"> &#8220;Servizi per te &#8211; Conunseling Individuale&#8221;<\/span><\/a><\/p>\n","protected":false},"author":1,"featured_media":0,"parent":0,"menu_order":0,"comment_status":"closed","ping_status":"closed","template":"","meta":{"footnotes":""},"class_list":["post-257","page","type-page","status-publish","hentry"],"_links":{"self":[{"href":"https:\/\/paolocesarano.com\/index.php?rest_route=\/wp\/v2\/pages\/257","targetHints":{"allow":["GET"]}}],"collection":[{"href":"https:\/\/paolocesarano.com\/index.php?rest_route=\/wp\/v2\/pages"}],"about":[{"href":"https:\/\/paolocesarano.com\/index.php?rest_route=\/wp\/v2\/types\/page"}],"author":[{"embeddable":true,"href":"https:\/\/paolocesarano.com\/index.php?rest_route=\/wp\/v2\/users\/1"}],"replies":[{"embeddable":true,"href":"https:\/\/paolocesarano.com\/index.php?rest_route=%2Fwp%2Fv2%2Fcomments&post=257"}],"version-history":[{"count":1,"href":"https:\/\/paolocesarano.com\/index.php?rest_route=\/wp\/v2\/pages\/257\/revisions"}],"predecessor-version":[{"id":258,"href":"https:\/\/paolocesarano.com\/index.php?rest_route=\/wp\/v2\/pages\/257\/revisions\/258"}],"wp:attachment":[{"href":"https:\/\/paolocesarano.com\/index.php?rest_route=%2Fwp%2Fv2%2Fmedia&parent=257"}],"curies":[{"name":"wp","href":"https:\/\/api.w.org\/{rel}","templated":true}]}}