{"id":231,"date":"2025-02-18T21:39:20","date_gmt":"2025-02-18T20:39:20","guid":{"rendered":"https:\/\/paolocesarano.com\/?page_id=231"},"modified":"2025-02-18T21:39:48","modified_gmt":"2025-02-18T20:39:48","slug":"servizi-per-gli-altri-guida-difensiva","status":"publish","type":"page","link":"https:\/\/paolocesarano.com\/?page_id=231","title":{"rendered":"Servizi per gli altri &#8211; Guida Difensiva"},"content":{"rendered":"\n<p class=\"has-text-align-center\"><strong>GUIDA DIFENSIVA<\/strong><\/p>\n\n\n\n<p><em>Prevedere i pericoli \u00e8 il primo passo per evitarli.<br>La sicurezza inizia prima di mettersi al volante.<br>Non basta guidare bene, bisogna guidare in sicurezza.<br>Meno rischi, pi\u00f9 controllo: guida in modo difensivo.<\/em><br>\u2705 Ti aiuto a sviluppare una guida pi\u00f9 sicura e consapevole.<\/p>\n\n\n\n<p class=\"has-text-align-center\">GUIDA DIFENSIVA: GUIDARE NON SIGNIFICA SOLO SAPER GUIDARE<\/p>\n\n\n\n<p><br>Molti pensano che guidare bene significa avere abilit\u00e0 di guida avanzate, quasi da pilota esperto.<br>In realt\u00e0, la vera sicurezza al volante non dipende dalla tecnica, ma dalla consapevolezza dei<br>rischi e dalla capacit\u00e0 di prevenirli.<\/p>\n\n\n\n<p>La guida difensiva <strong>non insegna<\/strong> a guidare pi\u00f9 <strong>velocemente <\/strong>o con <strong>maggiore abilit\u00e0<\/strong>, ma a<br>ridurre il rischio di incidenti che non dipendono solo dalle condizioni meteo o dagli errori altrui. Spesso il <strong>pericolo <\/strong>pi\u00f9 grande \u00e8 determinato dal nostro<strong> stato psicofisico:<\/strong><br><br>\u26a0\ufe0f Fretta che porta a scelte impulsive<br>\u26a0\ufe0f Stress che riduce la capacit\u00e0 di reazione<br>\u26a0\ufe0f Emozioni forti che alterano la percezione<br><\/p>\n\n\n\n<p>Guidare in modo difensivo significa essere <strong>consapevoli <\/strong>dei <strong>pericoli<\/strong>, <strong>prevederli <\/strong>e <strong>prevenirli<\/strong>,<br>proteggendo s\u00e9 stessi e gli altri.<\/p>\n\n\n\n<p>\u2705 Ti aiuto a sviluppare una guida pi\u00f9 sicura e consapevole.<\/p>\n\n\n\n<p>Vuoi scoprire come migliorare la tua sicurezza alla guida? Scrivimi tramite il form di sotto:<\/p>\n\n\n\n<div class=\"wp-block-contact-form-7-contact-form-selector\">[contact-form-7 id=&#8221;c7addb1&#8243; title=&#8221;Form Di Contatto&#8221;]<\/div>\n","protected":false},"excerpt":{"rendered":"<p>GUIDA DIFENSIVA Prevedere i pericoli \u00e8 il primo passo per evitarli.La sicurezza inizia prima di mettersi al volante.Non basta guidare bene, bisogna guidare in sicurezza.Meno rischi, pi\u00f9 controllo: guida in modo difensivo.\u2705 Ti aiuto a sviluppare una guida pi\u00f9 sicura e consapevole. GUIDA DIFENSIVA: GUIDARE NON SIGNIFICA SOLO SAPER GUIDARE Molti pensano che guidare bene &hellip; <\/p>\n<p class=\"link-more\"><a href=\"https:\/\/paolocesarano.com\/?page_id=231\" class=\"more-link\">Continue reading<span class=\"screen-reader-text\"> &#8220;Servizi per gli altri &#8211; Guida Difensiva&#8221;<\/span><\/a><\/p>\n","protected":false},"author":1,"featured_media":0,"parent":0,"menu_order":0,"comment_status":"closed","ping_status":"closed","template":"","meta":{"footnotes":""},"class_list":["post-231","page","type-page","status-publish","hentry"],"_links":{"self":[{"href":"https:\/\/paolocesarano.com\/index.php?rest_route=\/wp\/v2\/pages\/231","targetHints":{"allow":["GET"]}}],"collection":[{"href":"https:\/\/paolocesarano.com\/index.php?rest_route=\/wp\/v2\/pages"}],"about":[{"href":"https:\/\/paolocesarano.com\/index.php?rest_route=\/wp\/v2\/types\/page"}],"author":[{"embeddable":true,"href":"https:\/\/paolocesarano.com\/index.php?rest_route=\/wp\/v2\/users\/1"}],"replies":[{"embeddable":true,"href":"https:\/\/paolocesarano.com\/index.php?rest_route=%2Fwp%2Fv2%2Fcomments&post=231"}],"version-history":[{"count":1,"href":"https:\/\/paolocesarano.com\/index.php?rest_route=\/wp\/v2\/pages\/231\/revisions"}],"predecessor-version":[{"id":232,"href":"https:\/\/paolocesarano.com\/index.php?rest_route=\/wp\/v2\/pages\/231\/revisions\/232"}],"wp:attachment":[{"href":"https:\/\/paolocesarano.com\/index.php?rest_route=%2Fwp%2Fv2%2Fmedia&parent=231"}],"curies":[{"name":"wp","href":"https:\/\/api.w.org\/{rel}","templated":true}]}}