{"id":179,"date":"2025-02-07T11:07:46","date_gmt":"2025-02-07T10:07:46","guid":{"rendered":"https:\/\/paolocesarano.com\/?page_id=179"},"modified":"2025-02-21T12:34:57","modified_gmt":"2025-02-21T11:34:57","slug":"formazione-e-crescita-personal","status":"publish","type":"page","link":"https:\/\/paolocesarano.com\/?page_id=179","title":{"rendered":"Servizi per te &#8211; Formazione e crescita personale"},"content":{"rendered":"\n<p class=\"has-text-align-center\"><strong>FORMAZIONE E CRESCITA PERSONALE<\/strong><\/p>\n\n\n\n<p class=\"has-text-align-center\"><br><em>Il cambiamento inizia con la consapevolezza: sviluppa le tue competenze per affrontare le sfide con sicurezza, scopri il tuo potenziale e trasformalo in azione. <\/em><\/p>\n\n\n\n<p class=\"has-text-align-center\">Cominciamo <strong>insieme<\/strong>!\u00a0<\/p>\n\n\n\n<p><br><strong>La formazione e la crescita personale e professionale<\/strong><br>La formazione mira al miglioramento e allo sviluppo della persona, della professione e delle<br>competenze. La crescita personale e professionale riguarda chi sei oggi, dove vuoi arrivare e come intendi farlo. <\/p>\n\n\n\n<p>Che tu sia un libero professionista o un imprenditore, il successo a lungo termine si basa sia<br>sull&#8217;acquisizione continua di competenze che sulla padronanza di te stesso. Questi due aspetti non si escludono, anzi, sono profondamente interconnessi.<\/p>\n\n\n\n<p><br>Se riesci a creare armonia tra ci\u00f2 che sei e ci\u00f2 che fai, otterrai un impatto positivo nella tua vita. Lo sviluppo personale \u00e8 essenziale per raggiungere i pi\u00f9 alti livelli di crescita professionale. Per questo, mentre acquisisci nuove conoscenze per migliorare la tua carriera, non trascurare la crescita interiore e la consapevolezza di te stesso.<\/p>\n\n\n\n<p><br><strong>Crescita personale e professionale: cosa significa?<\/strong><\/p>\n\n\n\n<p><br><strong>La crescita personale<\/strong> implica un processo di analisi interiore che ti aiuta a chiarire chi sei e dove vuoi andare. Questo ti permette di focalizzare le tue energie nel miglioramento dei talenti e del potenziale, aumentando anche l&#8217;autostima e la qualit\u00e0 delle relazioni interpersonali.<br><br><strong>La crescita professionale,<\/strong> invece, riguarda la comprensione del tuo ruolo e il potenziamento delle competenze necessarie per svolgerlo in modo efficace. Quando hai una visione chiara di te stesso e del tuo potenziale, puoi orientare meglio le tue azioni e sviluppare abilit\u00e0 e conoscenze che favoriscono la tua carriera. Ecco perch\u00e9 la crescita personale ha un impatto diretto e positivo sulla sfera professionale.<br><br>Migliorare la percezione che hai di te stesso, conoscere i tuoi valori e acquisire sicurezza ti aiuta a gestire meglio ogni circostanza, applicando concretamente le tue capacit\u00e0.<br>Strategie per la crescita personale e professionale La crescita personale e professionale richiede un approccio che integri diversi ambiti: dall&#8217;apprendimento di nuove competenze alla comprensione pi\u00f9 profonda di s\u00e9 e degli altri.<\/p>\n\n\n\n<p><br><strong>Alcuni passi fondamentali da compiere:<\/strong><\/p>\n\n\n\n<ol class=\"wp-block-list\">\n<li><span style=\"text-decoration: underline;\">Dalla zona di comfort alla &#8220;power zone&#8221;<\/span><br>La tua zona di comfort ti fa sentire protetto, ma pu\u00f2 nascondere insidie come:<br><em>Paura del successo<br>Limiti e pensieri autosabotanti<\/em><br>Per crescere \u00e8 fondamentale uscire da questa zona e sviluppare una maggiore consapevolezza di s\u00e9. Ogni piccolo passo fuori dalla comfort zone ti aiuter\u00e0 a sbloccare il tuo potenziale e a evolvere.<br><\/li>\n\n\n\n<li><span style=\"text-decoration: underline;\">Formula obiettivi specifici:<br><\/span>Hai una visione chiara del tuo futuro? <br>Conosci i tuoi valori? <br>Che tipo di persona vuoi diventare?<br>Avere obiettivi precisi aiuta a mantenere il focus e a non perdersi per strada. Definire ci\u00f2 che desideri, sia a livello personale che professionale, ti consente di passare dall&#8217;intenzione all&#8217;azione e trasformare la tua visione in realt\u00e0.<br><\/li>\n\n\n\n<li><span style=\"text-decoration: underline;\">Pianifica la tua strategia<\/span>:<br>Stabilire obiettivi \u00e8 utile solo se segui un piano d&#8217;azione concreto. Senza una strategia, rischi diperdere la motivazione o di sentirti sopraffatto. Una buona pianificazione ti permette di restare focalizzato e di affrontare le difficolt\u00e0 con maggiore sicurezza.<br><\/li>\n\n\n\n<li><span style=\"text-decoration: underline;\">Investi nella formazione<\/span>:<br>La formazione \u00e8 il mezzo attraverso cui puoi evolvere e rafforzare i tuoi intenti. Dopo la spinta iniziale, avere punti di riferimento e feedback costanti ti aiuta a mantenere la direzione.<br>Un coach o un counselor sono un valido supporto in questo percorso, per sostenerti e fornirti strumenti e strategie efficaci.<br><\/li>\n\n\n\n<li><span style=\"text-decoration: underline;\">Quanto ti conosci?<br><\/span>Mentre lavori sulla tua crescita, non perdere di vista te stesso, i tuoi valori e le tue caratteristiche uniche. Perch\u00e9 il processo di miglioramento sia efficace, \u00e8 essenziale rimanere coerenti con chi sei davvero. La conoscenza di s\u00e9 non \u00e8 immediata e richiede il coraggio di mettersi in gioco. Pi\u00f9 impari a comprenderti, pi\u00f9 sei in grado di applicare le competenze acquisite, costruire relazioni solide e raggiungere i tuoi obiettivi.<br><br>La crescita personale e professionale \u00e8 un <strong>percorso continuo<\/strong>, che si costruisce un passo alla volta, con<strong> calma e determinazione<\/strong>.<br><br>Ogni piccolo progresso \u00e8 un tassello che ti avvicina alla migliore versione di te stesso.<br>Pianifica, agisci e investi su di te: il cambiamento inizia da qui! Contattami!<br><\/li>\n<\/ol>\n\n\n\n<div class=\"wp-block-contact-form-7-contact-form-selector\">[contact-form-7 id=&#8221;c7addb1&#8243; title=&#8221;Form Di Contatto&#8221;]<\/div>\n","protected":false},"excerpt":{"rendered":"<p>FORMAZIONE E CRESCITA PERSONALE Il cambiamento inizia con la consapevolezza: sviluppa le tue competenze per affrontare le sfide con sicurezza, scopri il tuo potenziale e trasformalo in azione. Cominciamo insieme!\u00a0 La formazione e la crescita personale e professionaleLa formazione mira al miglioramento e allo sviluppo della persona, della professione e dellecompetenze. La crescita personale e &hellip; <\/p>\n<p class=\"link-more\"><a href=\"https:\/\/paolocesarano.com\/?page_id=179\" class=\"more-link\">Continue reading<span class=\"screen-reader-text\"> &#8220;Servizi per te &#8211; Formazione e crescita personale&#8221;<\/span><\/a><\/p>\n","protected":false},"author":1,"featured_media":0,"parent":0,"menu_order":0,"comment_status":"closed","ping_status":"closed","template":"","meta":{"footnotes":""},"class_list":["post-179","page","type-page","status-publish","hentry"],"_links":{"self":[{"href":"https:\/\/paolocesarano.com\/index.php?rest_route=\/wp\/v2\/pages\/179","targetHints":{"allow":["GET"]}}],"collection":[{"href":"https:\/\/paolocesarano.com\/index.php?rest_route=\/wp\/v2\/pages"}],"about":[{"href":"https:\/\/paolocesarano.com\/index.php?rest_route=\/wp\/v2\/types\/page"}],"author":[{"embeddable":true,"href":"https:\/\/paolocesarano.com\/index.php?rest_route=\/wp\/v2\/users\/1"}],"replies":[{"embeddable":true,"href":"https:\/\/paolocesarano.com\/index.php?rest_route=%2Fwp%2Fv2%2Fcomments&post=179"}],"version-history":[{"count":2,"href":"https:\/\/paolocesarano.com\/index.php?rest_route=\/wp\/v2\/pages\/179\/revisions"}],"predecessor-version":[{"id":254,"href":"https:\/\/paolocesarano.com\/index.php?rest_route=\/wp\/v2\/pages\/179\/revisions\/254"}],"wp:attachment":[{"href":"https:\/\/paolocesarano.com\/index.php?rest_route=%2Fwp%2Fv2%2Fmedia&parent=179"}],"curies":[{"name":"wp","href":"https:\/\/api.w.org\/{rel}","templated":true}]}}