{"id":169,"date":"2025-02-06T21:37:19","date_gmt":"2025-02-06T20:37:19","guid":{"rendered":"https:\/\/paolocesarano.com\/?page_id=169"},"modified":"2025-02-18T20:59:03","modified_gmt":"2025-02-18T19:59:03","slug":"dae","status":"publish","type":"page","link":"https:\/\/paolocesarano.com\/?page_id=169","title":{"rendered":"Servizi per gli altri &#8211; DAE"},"content":{"rendered":"<div class=\"wp-block-image\">\n<figure class=\"aligncenter size-large is-resized\"><img decoding=\"async\" src=\"https:\/\/www.safa2000.it\/wp-content\/uploads\/2019\/01\/logo_dae_en-res-150r.jpg\" alt=\"Immagine che contiene libro, testo, interno\n\nDescrizione generata automaticamente\" style=\"width:169px;height:auto\"\/><\/figure>\n<\/div>\n\n\n<p>SmartLife ama la semplicit\u00e0!<\/p>\n\n\n\n<p><img loading=\"lazy\" decoding=\"async\" width=\"21\" height=\"21\" src=\"\" alt=\"\ud83d\udcf1\">Sai fare una telefonata?<\/p>\n\n\n\n<p>\u2615\ufe0f Sai accendere una macchina per il caff\u00e8?<\/p>\n\n\n\n<p>\ud83d\ude99 Sai suonare il clacson?<\/p>\n\n\n\n<p><img loading=\"lazy\" decoding=\"async\" width=\"21\" height=\"21\" src=\"\" alt=\"\ud83d\udc94\">Allora puoi salvare una vita! \ufe0f <img loading=\"lazy\" decoding=\"async\" width=\"21\" height=\"21\" src=\"\" alt=\"\u26a1\"><\/p>\n\n\n\n<p>In nostro centro di formazione IRC Comunit\u00e0, riconosciuto da AREU Lombardia,<\/p>\n\n\n\n<p>\u00e8 in grado di realizzare corsi di formazione studiati su misura per ogni singola realt\u00e0:<\/p>\n\n\n\n<ul class=\"wp-block-list\">\n<li>Associazioni sportive professionistiche e dilettantistiche,<\/li>\n\n\n\n<li>associazioni che operano nel sociale<\/li>\n\n\n\n<li>aziende e societ\u00e0 produttive<\/li>\n\n\n\n<li>studi medici e odontoiatrici,<\/li>\n\n\n\n<li>per tutti coloro che per esigenze professionali o cultura personale desiderano apprendere manovre salva vita<\/li>\n<\/ul>\n\n\n\n<p>Per ulteriori informazioni contattaci tramite il form sottostante.<\/p>\n\n\n\n<p>Il nostro team di formatori \u00e8 a tua disposizione.<\/p>\n\n\n\n<p>SmartLife \u00e8 Centro di Formazione di IRC Comunit\u00e0 e riconosciuto da AREU Lombardia<\/p>\n\n\n\n<p>Scopo primario dell&#8217;Associazione \u00e8 quello di salvaguardare la vita umana attraverso la diffusione della rianimazione cardiopolmonare e cerebrale (RCP), dell\u2019uso del defibrillatore semiautomatico e della cultura generale in materia di assistenza in emergenza, con riguardo alla informazione e formazione di coloro che non appartengano alle professioni sanitarie riconosciute e della comunit\u00e0 per sapere ed imparare cosa fare e come agire in caso di emergenza.<\/p>\n\n\n\n<p>SmartLife \u00e8 pertanto in grado di accompagnarvi<\/p>\n\n\n\n<p><strong>nella scelta motivazionale<\/strong> circa la necessit\u00e0 di apprendere le manovre salvavita che ognuno di noi pu\u00f2 mettere in atto sia in ambiente lavorativo, che domestico, che nella propria vita quotidiana.<\/p>\n\n\n\n<p><strong>nell\u2019acquisto<\/strong> del defibrillatore pi\u00f9 idoneo alle vostre esigenze<\/p>\n\n\n\n<p><strong>nella formazione<\/strong> certificativa necessaria a riconoscere un arresto cardiaco in un adulto o in un bambino, attivare i soccorsi in modo corretto senza perdere la calma, agire tempestivamente, diffondere la cultura della \u201ccatena della sopravvivenza\u201d.<\/p>\n\n\n\n<p class=\"has-text-align-center\"><em>&nbsp;&nbsp;&nbsp;&nbsp;&nbsp;&nbsp;&nbsp;&nbsp;&nbsp;&nbsp;&nbsp;&nbsp;&nbsp;&nbsp;&nbsp;&nbsp;&nbsp;&nbsp;&nbsp;&nbsp;&nbsp;&nbsp;&nbsp;&nbsp;&nbsp;&nbsp;&nbsp;&nbsp;&nbsp; <strong>SALVA UNA VITA PER SALVARTI LA VITA<\/strong><\/em><\/p>\n\n\n\n<p><strong>Defibrillatore semi automatico: uno strumento alla portata di tutti.<\/strong><\/p>\n\n\n\n<p>Alcune morti sono inevitabili, ma in molti casi applicare subito il defibrillatore pu\u00f2 salvare la vita. In Italia ogni anno si registrano circa 70mila decessi per morte cardiaca improvvisa, la maggior parte dei quali sono provocati dalla fibrillazione ventricolare, una grave aritmia cardiaca che si risolve solo applicando una scarica elettrica al cuore tramite l\u2019uso del defibrillatore. La gravit\u00e0 dell\u2019evento deve essere gestita senza perdita di tempo e la responsabilit\u00e0 \u00e8 di tutti. La prontezza e l\u2019efficacia dei primi soccorsi possono fare la differenza tra la vita e la morte, tra recupero rapido o prolungato, tra disabilit\u00e0 temporanea o permanente.<\/p>\n\n\n\n<p>Se non s\u2019interviene tempestivamente, in caso di arresto cardiaco provocato da fibrillazione o tachicardia ventricolare, la curva di sopravvivenza subisce un\u2019inesorabile e drammatica flessione riducendo le probabilit\u00e0 di sopravvivere ad un evento cos\u00ec avverso del 10% al trascorrere di ogni minuto.<\/p>\n\n\n\n<p>Le percentuali di sopravvivenza nei pazienti vittime di arresto cardiaco extra-ospedaliero in Italia sono molto basse nonostante in molti casi siano testimoniati da cittadini presenti all\u2019evento. Se i testimoni di un arresto cardiaco iniziano le manovre di rianimazione cardiopolmonare entro i primissimi minuti, prima dell\u2019arrivo dell\u2019ambulanza e del personale specializzato, le possibilit\u00e0\u0300 di sopravvivenza raddoppiano o triplicano. Ecco perch\u00e9 si stima che la \u201cmorte improvvisa\u201d costituisca il 15% dei decessi totali e il 50% delle morti dei pazienti con patologie cardiache.<\/p>\n\n\n\n<p>L\u2019arresto cardiaco \u00e8, pertanto, un evento critico da gestire tempestivamente prima dell\u2019arrivo dei soccorsi \u201cqualificati\u201d. Occorre quindi sensibilizzare la popolazione e i lavoratori all\u2019interno delle aziende sulle procedure da seguire in caso di arresto-cardiaco, superando l\u2019errata consuetudine che il \u201cnon fare\u201d sia l\u2019unica omissione per andare esenti da responsabilit\u00e0.<\/p>\n\n\n\n<p>Per questo \u00e8 importante che anche la popolazione laica sia sensibilizzata e adeguatamente formata ad affrontare questa emergenza e che le aziende, gli enti, gli uffici, i centri pubblici, i grandi magazzini, i locali notturni, i luoghi dove si pratica attivit\u00e0 sportiva siano dotati di DAE.<\/p>\n\n\n\n<p>In Lombardia si contano 20.978 defibrillatori, a Milano 6.319. Si trovano in luoghi pubblici, negli uffici postali, cinema, biblioteche, nei parchi, nei mezzanini delle metropolitane ma anche nei centri privati, nei condomini o nei supermercati. La legge (116 del 2021) prevede che sia indicata la loro collocazione e il loro referente.<\/p>\n\n\n\n<p><strong>FORMAZIONE NELL\u2019AMBITO DEI PROGETTI DI DEFIBRILLAZIONE AUTOMATICA<\/strong><\/p>\n\n\n\n<p><strong><em>Salvare per essere Salvati<\/em><\/strong><\/p>\n\n\n\n<p>La SmartLife \u00e8 da anni impegnata in attivit\u00e0 volte a promuovere la formazione in materia di Primo Soccorso. Avendo fede a questa linea, oggi pi\u00f9 che mai, SmartLife stimola le Aziende ad avviare protocolli formativi in favore di soggetti, non qualificati, in grado \u2013 a seguito di un breve percorso formativo \u2013 di utilizzare il defibrillatore.<\/p>\n\n\n\n<p>Istituzionalmente, Regione Lombardia ha conferito ad AREU, con D.G.R. n. 6994\/08, tra le varie attivit\u00e0 correlate al soccorso sanitario, il mandato di regolamentare anche la formazione del personale, definendo e realizzando percorsi formativi omogenei e standardizzati.<\/p>\n\n\n\n<p>Per questo motivo, favorire la diffusione delle manovre di rianimazione cardiopolmonare di base e di defibrillazione precoce (semiautomatica), AREU promuove la formazione attraverso la rete d\u2019istruttori e formatori AREU, dei CeFRA e di altri soggetti riconosciuti.<\/p>\n\n\n\n<p><strong><u>Il Centro di Formazione IRC-Comunit\u00e0 Smart Life<\/u><\/strong><strong> \u00e8 soggetto riconosciuto e abilitato alla formazione del personale laico e al mantenimento del costante aggiornamento da Regione Lombardia (delibera AREU 147\/2023 del 13\/06\/2023) e da Regione Veneto (delibera RV 077 del 22\/05\/17),<\/strong> garantendo un adeguato re training e una regolare riqualificazione secondo le indicazioni delle linee guida internazionali in materia di Rianimazione Cardiopolmonare.<\/p>\n\n\n\n<p><strong><u>Il Centro di Formazione IRC-Comunit\u00e0 Smart Life<\/u><\/strong>, unitamente all\u2019Italian Resuscitation Council (IRC), collegati con il Council Europeo (ERC), ha come obiettivo quello di informare le diverse fasce della popolazione italiana circa l\u2019importanza di conoscere e saper eseguire le manovre di Rianimazione Cardio Polmonare di base e defibrillazione precoce attraverso l\u2019insegnamento di semplici gesti che possono salvare una vita.<\/p>\n\n\n\n<p>Il corso&nbsp;&nbsp; per&nbsp;&nbsp; L\u2019abilitazione&nbsp;&nbsp;&nbsp;&nbsp;&nbsp;&nbsp;&nbsp;&nbsp; alla&nbsp;&nbsp;&nbsp; defibrillazione deve obbligatoriamente comprendere la conoscenza delle manovre di rianimazione cardiopolmonare di base e l\u2019uso in sicurezza del DAE. Il corso BLSD dedicato ai laici ha una durata di cinque ore comprensive della parte pratica e certificativa (valutazione) ed \u00e8 condotto con le norme del rapporto istruttore\/discenti di uno\/cinque. Il numero di allievi per ogni istruttore pu\u00f2 essere inferiore a cinque ma non pu\u00f2 superare il numero di sei persone.<\/p>\n\n\n\n<p><strong>RETRAINING E ABILITAZIONI SUCCESSIVE<\/strong><\/p>\n\n\n\n<p>Il re training periodico erogato dal Centro di Formazione IRC-Comunit\u00e0 Smart Life \u00e8 finalizzato a consolidare i contenuti e le abilit\u00e0 pratiche gi\u00e0 acquisite. Il re training pu\u00f2 essere condotto in 3 ore ed \u00e8 obbligatorio per il mantenimento all\u2019abilitazione dell\u2019uso del defibrillatore. Va eseguito trascorsi dodici mesi dalla certificazione ed entro i ventiquattro dalla stessa.<\/p>\n\n\n\n<p><strong>COME SCEGLIERE UN DEFIBRILLATORE<\/strong><\/p>\n\n\n\n<p>L\u2019acquisto di un apparecchio salva vita come il DAE deve essere un acquisto ponderato che non pu\u00f2 seguire le comuni logiche di mercato. Grazie alla nostra competenza ed esperienza, e alla collaborazione con primarie ditte produttrici di apparecchiature elettromedicali, oltre alla formazione abilitativa, siamo in grado di assistervi anche nella scelta e nella fornitura della macchina pi\u00f9 consona alle vostre esigenze. La nostra consulenza vi permetter\u00e0 di dare risposta alla domanda: \u201cquale defibrillatore comprare?\u201d.<\/p>\n\n\n\n<p>Insieme risolveremo ogni dubbio circa l\u2019installazione, dove collocarlo e custodirlo, la cartellonistica necessaria, quanto dura la garanzia e come sapere se e quando occorrono aggiornamenti, quanto incide il costo delle parti consumabili, se pu\u00f2 essere usato sui bambini, come capire se non funziona e come fare per la manutenzione, cosa fare dopo averlo utilizzato.<\/p>\n\n\n\n<p><strong><em>Ora sai anche tu che puoi imparare a salvare una vita, perch\u00e9 non farlo?<\/em><\/strong><\/p>\n","protected":false},"excerpt":{"rendered":"<p>SmartLife ama la semplicit\u00e0! Sai fare una telefonata? \u2615\ufe0f Sai accendere una macchina per il caff\u00e8? \ud83d\ude99 Sai suonare il clacson? Allora puoi salvare una vita! \ufe0f In nostro centro di formazione IRC Comunit\u00e0, riconosciuto da AREU Lombardia, \u00e8 in grado di realizzare corsi di formazione studiati su misura per ogni singola realt\u00e0: Per ulteriori &hellip; <\/p>\n<p class=\"link-more\"><a href=\"https:\/\/paolocesarano.com\/?page_id=169\" class=\"more-link\">Continue reading<span class=\"screen-reader-text\"> &#8220;Servizi per gli altri &#8211; DAE&#8221;<\/span><\/a><\/p>\n","protected":false},"author":1,"featured_media":0,"parent":0,"menu_order":0,"comment_status":"closed","ping_status":"closed","template":"","meta":{"footnotes":""},"class_list":["post-169","page","type-page","status-publish","hentry"],"_links":{"self":[{"href":"https:\/\/paolocesarano.com\/index.php?rest_route=\/wp\/v2\/pages\/169","targetHints":{"allow":["GET"]}}],"collection":[{"href":"https:\/\/paolocesarano.com\/index.php?rest_route=\/wp\/v2\/pages"}],"about":[{"href":"https:\/\/paolocesarano.com\/index.php?rest_route=\/wp\/v2\/types\/page"}],"author":[{"embeddable":true,"href":"https:\/\/paolocesarano.com\/index.php?rest_route=\/wp\/v2\/users\/1"}],"replies":[{"embeddable":true,"href":"https:\/\/paolocesarano.com\/index.php?rest_route=%2Fwp%2Fv2%2Fcomments&post=169"}],"version-history":[{"count":5,"href":"https:\/\/paolocesarano.com\/index.php?rest_route=\/wp\/v2\/pages\/169\/revisions"}],"predecessor-version":[{"id":216,"href":"https:\/\/paolocesarano.com\/index.php?rest_route=\/wp\/v2\/pages\/169\/revisions\/216"}],"wp:attachment":[{"href":"https:\/\/paolocesarano.com\/index.php?rest_route=%2Fwp%2Fv2%2Fmedia&parent=169"}],"curies":[{"name":"wp","href":"https:\/\/api.w.org\/{rel}","templated":true}]}}